{"id":585,"date":"2018-11-05T14:14:01","date_gmt":"2018-11-05T14:14:01","guid":{"rendered":"http:\/\/brainbizz.webgeniuslab.net\/?page_id=585"},"modified":"2024-05-13T22:35:23","modified_gmt":"2024-05-13T21:35:23","slug":"history","status":"publish","type":"page","link":"https:\/\/maza-lvi.com\/index.php\/history\/","title":{"rendered":"History"},"content":{"rendered":"<section class=\"wpb-content-wrapper\">[vc_row css=&#8221;.vc_custom_1541491765583{margin-top: -10px !important;}&#8221;][vc_column][wgl_double_headings align=&#8221;center&#8221; title_color=&#8221;#151515&#8243; subtitle_color=&#8221;#c10e0e&#8221; title=&#8221;\u00c9volution corporative de Maza_LVI&#8221; subtitle=&#8221;Notre Histoire&#8221; responsive_font=&#8221;true&#8221; font_size_mobile=&#8221;33&#8243;][wgl_spacing spacer_size=&#8221;24&#8243;][vc_row_inner][vc_column_inner offset=&#8221;vc_col-lg-offset-2 vc_col-lg-8&#8243;][vc_column_text]\n<p style=\"text-align: center;\"><span>Notre \u00e9quipe unique, collaborative et enthousiaste travaille \u00e9troitement avec nos clients tout au long du processus, faisant preuve d&#8217;un int\u00e9r\u00eat accru, parlant franchement, pour anticiper et surmonter tous les obstacles au changement.<\/span><\/p>\n[\/vc_column_text][\/vc_column_inner][\/vc_row_inner][wgl_spacing spacer_size=&#8221;10&#8243;][\/vc_column][\/vc_row][vc_row][vc_column col_pos_horizont=&#8221;50&#8243; col_pos_vertical=&#8221;50&#8243; css=&#8221;.vc_custom_1541430061004{background-image: url(https:\/\/maza-lvi.com\/wp-content\/uploads\/2018\/11\/history_bg_timeline.png?id=610) !important;background-position: center !important;background-repeat: no-repeat !important;background-size: cover !important;}&#8221;][wgl_time_line_vertical values=&#8221;%5B%7B%22title%22%3A%22Create%20a%20Company%22%2C%22descr%22%3A%22BrainBizz%20was%20founded%20%20with%20a%20mission%20to%20redefine%20the%20management.%22%2C%22date%22%3A%222000%22%2C%22color%22%3A%22%236b0000%22%7D%2C%7B%22title%22%3A%22Launch%20a%20New%20Project%22%2C%22descr%22%3A%22Practical%2C%20%5C%22at%20cause%5C%22%20approaches%20that%20focus%20on%20getting%20the%20job%20done%22%2C%22date%22%3A%222005%22%2C%22color%22%3A%22%23a60707%22%7D%2C%7B%22title%22%3A%22Launch%20a%20Company%20Website%22%2C%22descr%22%3A%22BrainBizz%20is%20made%20up%20of%20extraordinarily%20talented%20individuals%20passion%22%2C%22date%22%3A%222010%22%2C%22color%22%3A%22%23c10e0e%22%7D%2C%7B%22title%22%3A%22Open%20Second%20Office%22%2C%22descr%22%3A%22We%20have%20continued%20to%20be%20innovators%20for%20our%20industry%20entrepreneurial%22%2C%22date%22%3A%222015%22%2C%22color%22%3A%22%23f51010%22%7D%2C%7B%22title%22%3A%22Professional%20Rebranding%22%2C%22descr%22%3A%22In%20the%20consulting%20world%2C%20our%20results%20driven%20approach%20was%20a%20unique%22%2C%22date%22%3A%222018%22%2C%22color%22%3A%22%23fe3939%22%7D%5D&#8221;][wgl_spacing spacer_size=&#8221;80px&#8221;][\/vc_column][\/vc_row][vc_row full_width=&#8221;stretch_row&#8221; parallax=&#8221;content-moving&#8221; parallax_image=&#8221;622&#8243; parallax_speed_bg=&#8221;1.2&#8243; css=&#8221;.vc_custom_1541431319478{background-position: center;background-repeat: no-repeat;background-size: cover !important;}&#8221;][vc_column][wgl_spacing spacer_size=&#8221;124&#8243; screen_tablet=&#8221;600&#8243; responsive_tablet=&#8221;true&#8221; size_tablet=&#8221;60&#8243;][vc_row_inner][vc_column_inner offset=&#8221;vc_col-lg-offset-1 vc_col-lg-10&#8243;][wgl_custom_text font_size=&#8221;14&#8243; line_height=&#8221;18&#8243; google_fonts_text=&#8221;font_family:Montserrat%3Aregular%2C700|font_style:400%20regular%3A400%3Anormal&#8221; custom_fonts=&#8221;true&#8221;]\n<p style=\"text-align: center;\"><span style=\"font-weight: 600; text-transform: uppercase; color: #dfdfdf;\" class=\"custom-weight\">Restez connect\u00e9 avec nous.<\/span><\/p>\n[\/wgl_custom_text][wgl_spacing spacer_size=&#8221;7&#8243;][wgl_custom_text font_size=&#8221;50&#8243; line_height=&#8221;80&#8243; line_height_mobile=&#8221;46&#8243; responsive_font_mobile=&#8221;true&#8221; font_size_mobile=&#8221;28&#8243;]\n<h3 style=\"text-align: center;\"><span style=\"color: #ffffff;\">Nous travaillons avec vous pour aborder vos priorit\u00e9s commerciales les plus critiques.<\/span><\/h3>\n[\/wgl_custom_text][\/vc_column_inner][\/vc_row_inner][wgl_spacing spacer_size=&#8221;37&#8243;][wgl_button button_text=&#8221;Contactez-nous&#8221; align=&#8221;center&#8221; customize=&#8221;color&#8221; text_color=&#8221;#ffffff&#8221; text_color_hover=&#8221;#c10e0e&#8221; bg_color=&#8221;#c10e0e&#8221; bg_color_hover=&#8221;#ffffff&#8221; border_color=&#8221;#c10e0e&#8221; border_color_hover=&#8221;#ffffff&#8221; link=&#8221;url:http%3A%2F%2Fmaza-lvi.com%2Fcontacts%2F|||&#8221;][wgl_spacing spacer_size=&#8221;143&#8243; screen_tablet=&#8221;600&#8243; responsive_tablet=&#8221;true&#8221; size_tablet=&#8221;80&#8243;][\/vc_column][\/vc_row][vc_row full_width=&#8221;stretch_row_content&#8221; css=&#8221;.vc_custom_1541172266574{background-color: #f6f4f0 !important;}&#8221;][vc_column offset=&#8221;vc_col-lg-offset-1 vc_col-lg-10&#8243;][wgl_spacing spacer_size=&#8221;10&#8243;][wgl_clients item_grid=&#8221;6&#8243; item_anim=&#8221;grayscale&#8221; resp_medium_slides=&#8221;4&#8243; resp_tablets_slides=&#8221;2&#8243; resp_mobile_slides=&#8221;1&#8243; values=&#8221;%5B%7B%22thumbnail%22%3A%22465%22%2C%22add_link%22%3A%22true%22%2C%22link%22%3A%22url%3Ahttp%253A%252F%252Fmaza-lvi.com%252Fclients%252F%7Ctitle%3ASolana%7C%7C%22%7D%2C%7B%22thumbnail%22%3A%22464%22%2C%22add_link%22%3A%22true%22%2C%22link%22%3A%22url%3Ahttp%253A%252F%252Fmaza-lvi.com%252Fclients%252F%7Ctitle%3ADeters%7C%7C%22%7D%2C%7B%22thumbnail%22%3A%22467%22%2C%22add_link%22%3A%22true%22%2C%22link%22%3A%22url%3Ahttp%253A%252F%252Fmaza-lvi.com%252Fclients%252F%7Ctitle%3AOKTA%7C%7C%22%7D%2C%7B%22thumbnail%22%3A%22466%22%2C%22add_link%22%3A%22true%22%2C%22link%22%3A%22url%3Ahttp%253A%252F%252Fmaza-lvi.com%252Fclients%252F%7Ctitle%3AVISLA%7C%7C%22%7D%2C%7B%22thumbnail%22%3A%22462%22%2C%22add_link%22%3A%22true%22%2C%22link%22%3A%22url%3Ahttp%253A%252F%252Fmaza-lvi.com%252Fclients%252F%7Ctitle%3AtheCube%7C%7C%22%7D%2C%7B%22thumbnail%22%3A%22463%22%2C%22add_link%22%3A%22true%22%2C%22link%22%3A%22url%3Ahttp%253A%252F%252Fmaza-lvi.com%252Fclients%252F%7Ctitle%3AVetrovGroup%7C%7C%22%7D%5D&#8221; use_carousel=&#8221;true&#8221; autoplay=&#8221;true&#8221; custom_resp=&#8221;true&#8221;][wgl_spacing spacer_size=&#8221;20&#8243;][\/vc_column][\/vc_row][vc_row css=&#8221;.vc_custom_1541492222283{margin-bottom: -20px !important;}&#8221;][vc_column][wgl_spacing spacer_size=&#8221;55&#8243;][vc_row_inner][vc_column_inner width=&#8221;1\/3&#8243;][wgl_double_headings title_color=&#8221;#151515&#8243; subtitle_color=&#8221;#c10e0e&#8221; title=&#8221;Nos derni\u00e8res perspectives&#8221; subtitle=&#8221;Nouvelles r\u00e9centes&#8221;][\/vc_column_inner][vc_column_inner width=&#8221;2\/3&#8243;][wgl_spacing spacer_size=&#8221;21px&#8221;][vc_column_text]Donn\u00e9es exclusives, analyses d&#8217;experts et points de vue provocateurs pour les dirigeants en qu\u00eate d&#8217;une croissance rentable et durable.[\/vc_column_text][\/vc_column_inner][\/vc_row_inner][wgl_spacing spacer_size=&#8221;35px&#8221;][wgl_blog_posts_standard blog_layout=&#8221;carousel&#8221; blog_columns=&#8221;4&#8243; pag_type=&#8221;square&#8221; use_navigation=&#8221;&#8221; resp_medium=&#8221;993&#8243; resp_medium_slides=&#8221;2&#8243; resp_tablets=&#8221;768&#8243; resp_tablets_slides=&#8221;1&#8243; resp_mobile_slides=&#8221;1&#8243; heading_tag=&#8221;h4&#8243; heading_margin_bottom=&#8221;9px&#8221; number_of_posts=&#8221;3&#8243; order_by=&#8221;date&#8221; order=&#8221;ASC&#8221; hide_content=&#8221;true&#8221; custom_resp=&#8221;true&#8221;][\/vc_column][\/vc_row]\n<\/section>","protected":false},"excerpt":{"rendered":"<p>[vc_row css=&#8221;.vc_custom_1541491765583{margin-top: -10px !important;}&#8221;][vc_column][wgl_double_headings align=&#8221;center&#8221; title_color=&#8221;#151515&#8243; subtitle_color=&#8221;#c10e0e&#8221; title=&#8221;\u00c9volution corporative de Maza_LVI&#8221; subtitle=&#8221;Notre Histoire&#8221; responsive_font=&#8221;true&#8221; font_size_mobile=&#8221;33&#8243;][wgl_spacing spacer_size=&#8221;24&#8243;][vc_row_inner][vc_column_inner offset=&#8221;vc_col-lg-offset-2 vc_col-lg-8&#8243;][vc_column_text] Notre \u00e9quipe unique, collaborative et enthousiaste travaille \u00e9troitement avec nos clients tout au long du processus, faisant preuve d&#8217;un int\u00e9r\u00eat accru, parlant franchement, pour anticiper et surmonter tous les obstacles au changement. [\/vc_column_text][\/vc_column_inner][\/vc_row_inner][wgl_spacing spacer_size=&#8221;10&#8243;][\/vc_column][\/vc_row][vc_row][vc_column col_pos_horizont=&#8221;50&#8243; col_pos_vertical=&#8221;50&#8243; css=&#8221;.vc_custom_1541430061004{background-image: [&hellip;]<\/p>\n","protected":false},"author":1,"featured_media":0,"parent":0,"menu_order":0,"comment_status":"closed","ping_status":"closed","template":"","meta":{"om_disable_all_campaigns":false,"_monsterinsights_skip_tracking":false,"_monsterinsights_sitenote_active":false,"_monsterinsights_sitenote_note":"","_monsterinsights_sitenote_category":0,"_uf_show_specific_survey":0,"_uf_disable_surveys":false,"footnotes":""},"aioseo_notices":[],"_links":{"self":[{"href":"https:\/\/maza-lvi.com\/index.php\/wp-json\/wp\/v2\/pages\/585"}],"collection":[{"href":"https:\/\/maza-lvi.com\/index.php\/wp-json\/wp\/v2\/pages"}],"about":[{"href":"https:\/\/maza-lvi.com\/index.php\/wp-json\/wp\/v2\/types\/page"}],"author":[{"embeddable":true,"href":"https:\/\/maza-lvi.com\/index.php\/wp-json\/wp\/v2\/users\/1"}],"replies":[{"embeddable":true,"href":"https:\/\/maza-lvi.com\/index.php\/wp-json\/wp\/v2\/comments?post=585"}],"version-history":[{"count":2,"href":"https:\/\/maza-lvi.com\/index.php\/wp-json\/wp\/v2\/pages\/585\/revisions"}],"predecessor-version":[{"id":2622,"href":"https:\/\/maza-lvi.com\/index.php\/wp-json\/wp\/v2\/pages\/585\/revisions\/2622"}],"wp:attachment":[{"href":"https:\/\/maza-lvi.com\/index.php\/wp-json\/wp\/v2\/media?parent=585"}],"curies":[{"name":"wp","href":"https:\/\/api.w.org\/{rel}","templated":true}]}}