{"id":543,"date":"2018-11-05T08:57:42","date_gmt":"2018-11-05T08:57:42","guid":{"rendered":"http:\/\/brainbizz.webgeniuslab.net\/?page_id=543"},"modified":"2024-05-13T18:41:07","modified_gmt":"2024-05-13T17:41:07","slug":"about-us-2","status":"publish","type":"page","link":"https:\/\/maza-lvi.com\/index.php\/about-us-2\/","title":{"rendered":"About Us"},"content":{"rendered":"<section class=\"wpb-content-wrapper\">[vc_row el_class=&#8221;overlay-responsive-1&#8243; css=&#8221;.vc_custom_1541574243236{margin-bottom: -210px !important;}&#8221;][vc_column][wgl_double_headings align=&#8221;center&#8221; title_color=&#8221;#151515&#8243; subtitle_color=&#8221;#c10e0e&#8221; title=&#8221;Ce qui nous rend unique&#8221; subtitle=&#8221;\u00c0 propos de nous&#8221;][wgl_spacing spacer_size=&#8221;24&#8243;][vc_row_inner][vc_column_inner offset=&#8221;vc_col-lg-offset-1 vc_col-lg-10&#8243;][vc_column_text]<span>Nous fournissons des orientations strat\u00e9giques aux dirigeants mondiaux, en abordant leurs d\u00e9fis et opportunit\u00e9s les plus critiques. Nos services couvrent la strat\u00e9gie,\u00a0<\/span>la p\u00e9n\u00e9tration de march\u00e9<span>, la conception organisationnelle, les op\u00e9rations, la technologie de l\u2019information, la transformation num\u00e9rique et les fusions-acquisitions dans divers secteurs et g\u00e9ographies.<\/span>[\/vc_column_text][\/vc_column_inner][\/vc_row_inner][wgl_spacing spacer_size=&#8221;42&#8243; screen_mobile=&#8221;440&#8243; responsive_mobile=&#8221;true&#8221; size_mobile=&#8221;105&#8243;][wgl_video_popup link=&#8221;https:\/\/www.youtube.com\/watch?v=l-epKcOA7RQ&#8221; bg_image=&#8221;548&#8243; always_pulse_anim=&#8221;true&#8221;][\/vc_column][\/vc_row][vc_row full_width=&#8221;stretch_row&#8221; css=&#8221;.vc_custom_1541411045097{background-color: #f6f4f0 !important;}&#8221; el_class=&#8221;ovisible&#8221;][vc_column css=&#8221;.vc_custom_1541573917425{padding-top: 20px !important;}&#8221; el_class=&#8221;overlay-responsive-2&#8243;][wgl_spacing spacer_size=&#8221;20&#8243; screen_tablet=&#8221;767&#8243; responsive_tablet=&#8221;true&#8221; size_tablet=&#8221;235&#8243;][vc_row_inner][vc_column_inner width=&#8221;1\/2&#8243; offset=&#8221;vc_col-md-4&#8243;][wgl_info_box ib_type=&#8221;fill&#8221; ib_align=&#8221;center&#8221; read_more_text=&#8221;En savoir plus&#8221; icon_type=&#8221;font&#8221; icon_font_type=&#8221;type_flaticon&#8221; icon_flaticon=&#8221;flaticon-head&#8221; icon_bg_color_hover=&#8221;#ffffff&#8221; ib_title=&#8221;Ouverture d&#8217;esprit&#8221; ib_content=&#8221;La combinaison de l&#8217;exp\u00e9rience strat\u00e9gique et de l&#8217;expertise analytique permet de prendre des d\u00e9cisions et de cr\u00e9er de la valeur.&#8221; add_read_more=&#8221;true&#8221; custom_icon_size=&#8221;51&#8243; custom_icon_radius=&#8221;55&#8243; custom_icon_bg_color=&#8221;true&#8221; custom_icon_bg_width=&#8221;92&#8243; custom_icon_bg_height=&#8221;92&#8243; link=&#8221;url:http%3A%2F%2Fmaza-lvi.com%2Fservices%2F|||&#8221;][wgl_spacing spacer_size=&#8221;30px&#8221;][\/vc_column_inner][vc_column_inner width=&#8221;1\/2&#8243; offset=&#8221;vc_col-md-4&#8243;][wgl_info_box ib_type=&#8221;fill&#8221; ib_align=&#8221;center&#8221; read_more_text=&#8221;En savoir plus&#8221; icon_type=&#8221;font&#8221; icon_font_type=&#8221;type_flaticon&#8221; icon_flaticon=&#8221;flaticon-target&#8221; icon_bg_color_hover=&#8221;#ffffff&#8221; ib_title=&#8221;R\u00e9sultats durables&#8221; ib_content=&#8221;D\u00e9termin\u00e9s \u00e0 obtenir des r\u00e9sultats durables, notre approche allie innovation strat\u00e9gique et une solide capacit\u00e9 d&#8217;analyse, garantissant des d\u00e9cisions \u00e9clair\u00e9es et une cr\u00e9ation de valeur \u00e0 long terme.&#8221; add_read_more=&#8221;true&#8221; custom_icon_size=&#8221;51&#8243; custom_icon_radius=&#8221;55&#8243; custom_icon_bg_color=&#8221;true&#8221; custom_icon_bg_width=&#8221;92&#8243; custom_icon_bg_height=&#8221;92&#8243; link=&#8221;url:http%3A%2F%2Fmaza-lvi.com%2Felements%2F|||&#8221;][wgl_spacing spacer_size=&#8221;30px&#8221;][\/vc_column_inner][vc_column_inner width=&#8221;1\/2&#8243; offset=&#8221;vc_col-md-offset-0 vc_col-md-4 vc_col-sm-offset-3&#8243;][wgl_info_box ib_type=&#8221;fill&#8221; ib_align=&#8221;center&#8221; read_more_text=&#8221;En savoir plus&#8221; icon_type=&#8221;font&#8221; icon_font_type=&#8221;type_flaticon&#8221; icon_flaticon=&#8221;flaticon-chess-1&#8243; icon_bg_color_hover=&#8221;#ffffff&#8221; ib_title=&#8221;Des Esprits Passionn\u00e9s&#8221; ib_content=&#8221;Port\u00e9s par une passion du succ\u00e8s, notre \u00e9quipe incarne un esprit de d\u00e9termination et d&#8217;innovation, offrant constamment des r\u00e9sultats exceptionnels&#8221; add_read_more=&#8221;true&#8221; custom_icon_size=&#8221;51&#8243; custom_icon_radius=&#8221;55&#8243; custom_icon_bg_color=&#8221;true&#8221; custom_icon_bg_width=&#8221;92&#8243; custom_icon_bg_height=&#8221;92&#8243; link=&#8221;url:http%3A%2F%2Fmaza-lvi.com%2Ftyporgaphy%2F|||&#8221;][wgl_spacing spacer_size=&#8221;30px&#8221;][\/vc_column_inner][\/vc_row_inner][wgl_spacing spacer_size=&#8221;30&#8243;][\/vc_column][\/vc_row][vc_row full_width=&#8221;stretch_row&#8221; content_placement=&#8221;bottom&#8221; css=&#8221;.vc_custom_1541413234918{background-image: url(https:\/\/maza-lvi.com\/wp-content\/uploads\/2018\/11\/section_bg-1.jpg?id=562) !important;background-position: center !important;background-repeat: no-repeat !important;background-size: cover !important;}&#8221;][vc_column width=&#8221;1\/2&#8243;][wgl_spacing spacer_size=&#8221;30px&#8221;][wgl_double_headings title_color=&#8221;#151515&#8243; subtitle_color=&#8221;#c10e0e&#8221; title=&#8221;Nos convictions&#8221; subtitle=&#8221;Passion pour les R\u00e9sultats&#8221; responsive_font=&#8221;true&#8221; font_size_mobile=&#8221;35&#8243;][wgl_spacing spacer_size=&#8221;24&#8243;][vc_column_text]MAZZA-LVI a \u00e9t\u00e9 fond\u00e9e en 1986 avec pour objectif de r\u00e9inventer le secteur du conseil en gestion en se concentrant sur la r\u00e9alisation de r\u00e9sultats pour nos clients, plut\u00f4t que de simplement fournir des rapports.<\/p>\n<p>Nous maintenons notre statut d&#8217;innovateurs dans notre domaine, avec une culture entrepreneuriale qui refuse le statu quo, tant pour nous-m\u00eames que pour nos clients.[\/vc_column_text][wgl_spacing spacer_size=&#8221;40&#8243;][wgl_button button_text=&#8221;En savoir plus&#8221; link=&#8221;url:http%3A%2F%2Fmaza-lvi.com%2Fportfolio-masonry%2F|||&#8221;][wgl_spacing spacer_size=&#8221;120&#8243; screen_desktops=&#8221;1200&#8243; screen_tablet=&#8221;767&#8243; responsive_desktop=&#8221;true&#8221; size_desktops=&#8221;55&#8243; responsive_tablet=&#8221;true&#8221; size_tablet=&#8221;15&#8243;][\/vc_column][vc_column width=&#8221;1\/2&#8243;][wgl_spacing spacer_size=&#8221;25&#8243;][vc_column_text]<img fetchpriority=\"high\" decoding=\"async\" class=\"alignnone size-full wp-image-560\" src=\"https:\/\/maza-lvi.com\/wp-content\/uploads\/2018\/11\/section_05.png\" alt=\"\" width=\"580\" height=\"612\" srcset=\"https:\/\/maza-lvi.com\/wp-content\/uploads\/2018\/11\/section_05.png 580w, https:\/\/maza-lvi.com\/wp-content\/uploads\/2018\/11\/section_05-284x300.png 284w\" sizes=\"(max-width: 580px) 100vw, 580px\" \/>[\/vc_column_text][\/vc_column][\/vc_row][vc_row full_width=&#8221;stretch_row_content_no_spaces&#8221; equal_height=&#8221;yes&#8221; content_placement=&#8221;middle&#8221; css=&#8221;.vc_custom_1544004747160{background-color: #272728 !important;}&#8221;][vc_column width=&#8221;1\/2&#8243; offset=&#8221;vc_col-lg-5 vc_hidden-md vc_hidden-sm vc_hidden-xs&#8221; css=&#8221;.vc_custom_1544004703347{padding-top: 0px !important;background-image: url(https:\/\/maza-lvi.com\/wp-content\/uploads\/2018\/11\/section_04.jpg?id=579) !important;background-position: center !important;background-repeat: no-repeat !important;background-size: cover !important;}&#8221;][wgl_spacing spacer_size=&#8221;22&#8243;][\/vc_column][vc_column offset=&#8221;vc_col-lg-offset-1 vc_col-lg-4 vc_col-md-offset-1 vc_col-md-10&#8243; css=&#8221;.vc_custom_1544004710000{padding-top: 0px !important;padding-right: 15px !important;padding-left: 15px !important;}&#8221;][vc_row_inner][vc_column_inner offset=&#8221;vc_col-lg-10&#8243;][wgl_spacing spacer_size=&#8221;80&#8243;][wgl_double_headings title_color=&#8221;#ffffff&#8221; subtitle_color=&#8221;#c10e0e&#8221; title=&#8221;Qu&#8217;est-ce qui nous distingue ?&#8221; subtitle=&#8221;Nos atouts&#8221; custom_title_color=&#8221;true&#8221; responsive_font=&#8221;true&#8221; font_size_mobile=&#8221;31&#8243;][wgl_spacing spacer_size=&#8221;24&#8243;][vc_column_text]<span>Nous accompagnons les dirigeants tourn\u00e9s vers le changement afin de les aider \u00e0 am\u00e9liorer leurs prises de d\u00e9cisions, \u00e0 mettre en \u0153uvre ces d\u00e9cisions et \u00e0 atteindre le succ\u00e8s durable qu&#8217;ils aspirent.<\/span>[\/vc_column_text][wgl_spacing spacer_size=&#8221;40&#8243;][wgl_progress_bar values=&#8221;%5B%7B%22label%22%3A%22SERVICES%20FINANCIERS%20%20%20%20%20%20%20%20%20%20%20%20%20%20%20%20%20%20%20%20%20%20%20%20%20%20%20%20%20%20%22%2C%22point_value%22%3A%2287%22%2C%22bar_color_type%22%3A%22color%22%2C%22text_color%22%3A%22%23ffffff%22%2C%22bar_color%22%3A%22%23c10e0e%22%2C%22bg_bar_color%22%3A%22%23131315%22%7D%2C%7B%22label%22%3A%22PARTENARIATS%20STRAT%C3%89GIQUES%22%2C%22point_value%22%3A%2270%22%2C%22bar_color_type%22%3A%22color%22%2C%22text_color%22%3A%22%23ffffff%22%2C%22bar_color%22%3A%22%23c10e0e%22%2C%22bg_bar_color%22%3A%22%23131315%22%7D%2C%7B%22label%22%3A%22STRAT%C3%89GIE%20D&#8217;ADAPTATION%20DIGITALE%20%20%20%20%20%20%20%20%20%20%20%20%20%20%20%20%20%20%20%20%20%20%20%20%20%20%22%2C%22point_value%22%3A%2268%22%2C%22bar_color_type%22%3A%22color%22%2C%22text_color%22%3A%22%23ffffff%22%2C%22bar_color%22%3A%22%23c10e0e%22%2C%22bg_bar_color%22%3A%22%23131315%22%7D%5D&#8221;][wgl_spacing spacer_size=&#8221;80&#8243;][\/vc_column_inner][\/vc_row_inner][\/vc_column][\/vc_row][vc_row full_width=&#8221;stretch_row&#8221;][vc_column][wgl_spacing spacer_size=&#8221;55px&#8221;][wgl_double_headings align=&#8221;center&#8221; title_color=&#8221;#151515&#8243; subtitle_color=&#8221;#c10e0e&#8221; title=&#8221;Rencontrez notre \u00e9quipe de direction&#8221; subtitle=&#8221;NOS CONSULTANTS&#8221; responsive_font=&#8221;true&#8221; font_size_mobile=&#8221;34&#8243;][wgl_spacing spacer_size=&#8221;20px&#8221;][vc_row_inner][vc_column_inner offset=&#8221;vc_col-lg-offset-2 vc_col-lg-8&#8243;][vc_column_text]\n<p style=\"text-align: center;\"><span>Par leur collaboration unique et leur passion, nos \u00e9quipes travaillent en \u00e9troite collaboration avec nos clients \u00e0 chaque \u00e9tape, exprimant leurs pr\u00e9occupations, et leur disant la v\u00e9rit\u00e9 telle qu&#8217;elle est pour anticiper et surmonter tous les obstacles au changement.<\/span><\/p>\n[\/vc_column_text][\/vc_column_inner][\/vc_row_inner][wgl_spacing spacer_size=&#8221;40px&#8221;]\r\n\t\t<div  class=\"wgl_module_team team-col_3 acenter\">\r\n\t\t\t<div class=\"team-items_wrap clearfix\"  style=\"margin-right:-15px; margin-left:-15px;\">\r\n\t\t\t\t[wgl_carousel slide_to_show=\"3\" autoplay=\"\" autoplay_speed=\"3000\" use_pagination=\"true\" pag_type=\"square\" pag_offset=\"0\" custom_pag_color=\"\" pag_color=\"#c10e0e\" use_prev_next=\"\" custom_buttons_color=\"\" buttons_color=\"#c10e0e\" custom_resp=\"true\" resp_medium=\"998\" resp_medium_slides=\"2\" resp_tablets=\"768\" resp_tablets_slides=\"1\" resp_mobile=\"480\" resp_mobile_slides=\"1\" infinite=\"\" slides_to_scroll=\"\" ]<div class=\"team-item\" style=\"padding-right:15px; padding-left:15px;  padding-bottom:30px;\"><div class=\"team-item_content\"><div class=\"team-image\"><img decoding=\"async\" src=\"https:\/\/maza-lvi.com\/wp-content\/uploads\/2018\/10\/team-member_1-740x780.jpg\" alt=\"\" \/><\/div><div class=\"team-item_info\"><div class=\"team-item_titles\"><h4 class=\"team-title\"><a href=\"https:\/\/maza-lvi.com\/index.php\/team\/thomas-bodine\/\">Thomas Bodine<\/a><\/h4><div class=\"team-department\">Co-Founder of Company<\/div><\/div><div class=\"team-item_excerpt\">\nDiversity of Experiences\nPrior to joining BrainBizz, Thomas taught at The Hebrew University, the Jerusalem<\/div><div class=\"team-info_icons\"><a href=\"#\" class=\"team-icon fa fa-twitter\"><\/a><a href=\"#\" class=\"team-icon fa fa-facebook\"><\/a><a href=\"#\" class=\"team-icon fa fa-linkedin\"><\/a><a href=\"#\" class=\"team-icon fa fa-instagram\"><\/a><\/div><\/div><\/div><\/div><div class=\"team-item\" style=\"padding-right:15px; padding-left:15px;  padding-bottom:30px;\"><div class=\"team-item_content\"><div class=\"team-image\"><img decoding=\"async\" src=\"https:\/\/maza-lvi.com\/wp-content\/uploads\/2018\/10\/team-member_2-740x780.jpg\" alt=\"\" \/><\/div><div class=\"team-item_info\"><div class=\"team-item_titles\"><h4 class=\"team-title\"><a href=\"https:\/\/maza-lvi.com\/index.php\/team\/mark-renold\/\">Mark Renold<\/a><\/h4><div class=\"team-department\">Marketing Manager<\/div><\/div><div class=\"team-item_excerpt\">\nDiversity of Experiences\nPrior to joining BrainBizz, Thomas taught at The Hebrew University, the Jerusalem<\/div><div class=\"team-info_icons\"><a href=\"#\" class=\"team-icon fa fa-twitter\"><\/a><a href=\"#\" class=\"team-icon fa fa-facebook\"><\/a><a href=\"#\" class=\"team-icon fa fa-linkedin\"><\/a><a href=\"#\" class=\"team-icon fa fa-instagram\"><\/a><\/div><\/div><\/div><\/div><div class=\"team-item\" style=\"padding-right:15px; padding-left:15px;  padding-bottom:30px;\"><div class=\"team-item_content\"><div class=\"team-image\"><img decoding=\"async\" src=\"https:\/\/maza-lvi.com\/wp-content\/uploads\/2018\/10\/team-member_3-740x780.jpg\" alt=\"\" \/><\/div><div class=\"team-item_info\"><div class=\"team-item_titles\"><h4 class=\"team-title\"><a href=\"https:\/\/maza-lvi.com\/index.php\/team\/john-morisson\/\">John Morisson<\/a><\/h4><div class=\"team-department\">Finance Manager<\/div><\/div><div class=\"team-item_excerpt\">\nDiversity of Experiences\nPrior to joining BrainBizz, Thomas taught at The Hebrew University, the Jerusalem<\/div><div class=\"team-info_icons\"><a href=\"#\" class=\"team-icon fa fa-twitter\"><\/a><a href=\"#\" class=\"team-icon fa fa-facebook\"><\/a><a href=\"#\" class=\"team-icon fa fa-linkedin\"><\/a><a href=\"#\" class=\"team-icon fa fa-instagram\"><\/a><\/div><\/div><\/div><\/div><div class=\"team-item\" style=\"padding-right:15px; padding-left:15px;  padding-bottom:30px;\"><div class=\"team-item_content\"><div class=\"team-image\"><img decoding=\"async\" src=\"https:\/\/maza-lvi.com\/wp-content\/uploads\/2018\/10\/team-member_6-740x780.jpg\" alt=\"\" \/><\/div><div class=\"team-item_info\"><div class=\"team-item_titles\"><h4 class=\"team-title\"><a href=\"https:\/\/maza-lvi.com\/index.php\/team\/angela-kwang\/\">Sam Rodman<\/a><\/h4><div class=\"team-department\">Marketing Manager<\/div><\/div><div class=\"team-item_excerpt\">\nDiversity of Experiences\nPrior to joining BrainBizz, Thomas taught at The Hebrew University, the Jerusalem<\/div><div class=\"team-info_icons\"><a href=\"#\" class=\"team-icon fa fa-twitter\"><\/a><a href=\"#\" class=\"team-icon fa fa-facebook\"><\/a><a href=\"#\" class=\"team-icon fa fa-linkedin\"><\/a><a href=\"#\" class=\"team-icon fa fa-instagram\"><\/a><\/div><\/div><\/div><\/div><div class=\"team-item\" style=\"padding-right:15px; padding-left:15px;  padding-bottom:30px;\"><div class=\"team-item_content\"><div class=\"team-image\"><img decoding=\"async\" src=\"https:\/\/maza-lvi.com\/wp-content\/uploads\/2018\/10\/team-member_5-740x780.jpg\" alt=\"\" \/><\/div><div class=\"team-item_info\"><div class=\"team-item_titles\"><h4 class=\"team-title\"><a href=\"https:\/\/maza-lvi.com\/index.php\/team\/jameson-wood\/\">Jameson Wood<\/a><\/h4><div class=\"team-department\">Finance Manager<\/div><\/div><div class=\"team-item_excerpt\">\nDiversity of Experiences\nPrior to joining BrainBizz, Thomas taught at The Hebrew University, the Jerusalem<\/div><div class=\"team-info_icons\"><a href=\"#\" class=\"team-icon fa fa-twitter\"><\/a><a href=\"#\" class=\"team-icon fa fa-facebook\"><\/a><a href=\"#\" class=\"team-icon fa fa-linkedin\"><\/a><a href=\"#\" class=\"team-icon fa fa-instagram\"><\/a><\/div><\/div><\/div><\/div>[\/wgl_carousel]\t\t\t<\/div>\r\n\t\t<\/div>\r\n\r\n\t\t[wgl_spacing spacer_size=&#8221;62px&#8221;][\/vc_column][\/vc_row][vc_row full_width=&#8221;stretch_row_content&#8221; css=&#8221;.vc_custom_1541422820554{margin-bottom: -40px !important;background-color: #f6f4f0 !important;}&#8221;][vc_column offset=&#8221;vc_col-lg-offset-1 vc_col-lg-10&#8243;][wgl_spacing spacer_size=&#8221;0px&#8221;][wgl_clients item_grid=&#8221;6&#8243; item_anim=&#8221;grayscale&#8221; resp_medium_slides=&#8221;4&#8243; resp_tablets_slides=&#8221;2&#8243; resp_mobile_slides=&#8221;1&#8243; values=&#8221;%5B%7B%22thumbnail%22%3A%22465%22%2C%22add_link%22%3A%22true%22%2C%22link%22%3A%22url%3Ahttp%253A%252F%252Fmaza-lvi.com%252Fclients%252F%7C%7C%7C%22%7D%2C%7B%22thumbnail%22%3A%22464%22%2C%22add_link%22%3A%22true%22%2C%22link%22%3A%22url%3Ahttp%253A%252F%252Fmaza-lvi.com%252Fclients%252F%7C%7C%7C%22%7D%2C%7B%22thumbnail%22%3A%22467%22%2C%22add_link%22%3A%22true%22%2C%22link%22%3A%22url%3Ahttp%253A%252F%252Fmaza-lvi.com%252Fclients%252F%7C%7C%7C%22%7D%2C%7B%22thumbnail%22%3A%22466%22%2C%22add_link%22%3A%22true%22%2C%22link%22%3A%22url%3Ahttp%253A%252F%252Fmaza-lvi.com%252Fclients%252F%7C%7C%7C%22%7D%2C%7B%22thumbnail%22%3A%22462%22%2C%22add_link%22%3A%22true%22%2C%22link%22%3A%22url%3Ahttp%253A%252F%252Fmaza-lvi.com%252Fclients%252F%7C%7C%7C%22%7D%2C%7B%22thumbnail%22%3A%22463%22%2C%22add_link%22%3A%22true%22%2C%22link%22%3A%22url%3Ahttp%253A%252F%252Fmaza-lvi.com%252Fclients%252F%7C%7C%7C%22%7D%5D&#8221; use_carousel=&#8221;true&#8221; autoplay=&#8221;true&#8221; custom_resp=&#8221;true&#8221;][wgl_spacing spacer_size=&#8221;10px&#8221;][\/vc_column][\/vc_row]\n<\/section>","protected":false},"excerpt":{"rendered":"<p>[vc_row el_class=&#8221;overlay-responsive-1&#8243; css=&#8221;.vc_custom_1541574243236{margin-bottom: -210px !important;}&#8221;][vc_column][wgl_double_headings align=&#8221;center&#8221; title_color=&#8221;#151515&#8243; subtitle_color=&#8221;#c10e0e&#8221; title=&#8221;Ce qui nous rend unique&#8221; subtitle=&#8221;\u00c0 propos de nous&#8221;][wgl_spacing spacer_size=&#8221;24&#8243;][vc_row_inner][vc_column_inner offset=&#8221;vc_col-lg-offset-1 vc_col-lg-10&#8243;][vc_column_text]Nous fournissons des orientations strat\u00e9giques aux dirigeants mondiaux, en abordant leurs d\u00e9fis et opportunit\u00e9s les plus critiques. Nos services couvrent la strat\u00e9gie,\u00a0la p\u00e9n\u00e9tration de march\u00e9, la conception organisationnelle, les op\u00e9rations, la technologie de l\u2019information, la transformation [&hellip;]<\/p>\n","protected":false},"author":1,"featured_media":0,"parent":0,"menu_order":0,"comment_status":"closed","ping_status":"closed","template":"","meta":{"om_disable_all_campaigns":false,"_monsterinsights_skip_tracking":false,"_monsterinsights_sitenote_active":false,"_monsterinsights_sitenote_note":"","_monsterinsights_sitenote_category":0,"_uf_show_specific_survey":0,"_uf_disable_surveys":false,"footnotes":""},"aioseo_notices":[],"_links":{"self":[{"href":"https:\/\/maza-lvi.com\/index.php\/wp-json\/wp\/v2\/pages\/543"}],"collection":[{"href":"https:\/\/maza-lvi.com\/index.php\/wp-json\/wp\/v2\/pages"}],"about":[{"href":"https:\/\/maza-lvi.com\/index.php\/wp-json\/wp\/v2\/types\/page"}],"author":[{"embeddable":true,"href":"https:\/\/maza-lvi.com\/index.php\/wp-json\/wp\/v2\/users\/1"}],"replies":[{"embeddable":true,"href":"https:\/\/maza-lvi.com\/index.php\/wp-json\/wp\/v2\/comments?post=543"}],"version-history":[{"count":3,"href":"https:\/\/maza-lvi.com\/index.php\/wp-json\/wp\/v2\/pages\/543\/revisions"}],"predecessor-version":[{"id":2618,"href":"https:\/\/maza-lvi.com\/index.php\/wp-json\/wp\/v2\/pages\/543\/revisions\/2618"}],"wp:attachment":[{"href":"https:\/\/maza-lvi.com\/index.php\/wp-json\/wp\/v2\/media?parent=543"}],"curies":[{"name":"wp","href":"https:\/\/api.w.org\/{rel}","templated":true}]}}