{"id":434,"date":"2018-11-02T09:00:05","date_gmt":"2018-11-02T09:00:05","guid":{"rendered":"http:\/\/brainbizz.webgeniuslab.net\/?page_id=434"},"modified":"2024-05-14T00:16:26","modified_gmt":"2024-05-13T23:16:26","slug":"our-team","status":"publish","type":"page","link":"https:\/\/maza-lvi.com\/index.php\/our-team\/","title":{"rendered":"Our Team"},"content":{"rendered":"<section class=\"wpb-content-wrapper\">\t\t<div data-elementor-type=\"wp-page\" data-elementor-id=\"434\" class=\"elementor elementor-434\">\n\t\t\t\t<div class=\"elementor-element elementor-element-3666f38d e-flex e-con-boxed e-con e-parent\" data-id=\"3666f38d\" data-element_type=\"container\">\n\t\t\t\t\t<div class=\"e-con-inner\">\n\t\t\t\t<div class=\"elementor-element elementor-element-7868d51f elementor-widget elementor-widget-text-editor\" data-id=\"7868d51f\" data-element_type=\"widget\" data-widget_type=\"text-editor.default\">\n\t\t\t\t<div class=\"elementor-widget-container\">\n\t\t\t<style>\/*! elementor - v3.23.0 - 05-08-2024 *\/\n.elementor-widget-text-editor.elementor-drop-cap-view-stacked .elementor-drop-cap{background-color:#69727d;color:#fff}.elementor-widget-text-editor.elementor-drop-cap-view-framed .elementor-drop-cap{color:#69727d;border:3px solid;background-color:transparent}.elementor-widget-text-editor:not(.elementor-drop-cap-view-default) .elementor-drop-cap{margin-top:8px}.elementor-widget-text-editor:not(.elementor-drop-cap-view-default) .elementor-drop-cap-letter{width:1em;height:1em}.elementor-widget-text-editor .elementor-drop-cap{float:left;text-align:center;line-height:1;font-size:50px}.elementor-widget-text-editor .elementor-drop-cap-letter{display:inline-block}<\/style>\t\t\t\t[vc_row css=&#8221;.vc_custom_1541149250238{margin-top: -10px !important;}&#8221;][vc_column][wgl_double_headings align=&#8221;center&#8221; title_color=&#8221;#151515&#8243; subtitle_color=&#8221;#c10e0e&#8221; title=&#8221;The Team of Innovators&#8221; subtitle=&#8221;our skills&#8221;][wgl_spacing spacer_size=&#8221;24&#8243;][vc_row_inner][vc_column_inner offset=&#8221;vc_col-lg-offset-2 vc_col-lg-8&#8243;][vc_column_text]\n<p style=\"text-align: center;\"><span style=\"color: rgb(13, 13, 13); font-family: S\u00f6hne, ui-sans-serif, system-ui, -apple-system, &quot;Segoe UI&quot;, Roboto, Ubuntu, Cantarell, &quot;Noto Sans&quot;, sans-serif, &quot;Helvetica Neue&quot;, Arial, &quot;Apple Color Emoji&quot;, &quot;Segoe UI Emoji&quot;, &quot;Segoe UI Symbol&quot;, &quot;Noto Color Emoji&quot;; font-size: 16px; font-style: normal; font-weight: 400; text-align: start; white-space-collapse: preserve;\">Avec notre approche unique, collaborative et passionn\u00e9e, nous travaillons en \u00e9troite collaboration avec nos clients \u00e0 chaque \u00e9tape, accordant une attention particuli\u00e8re \u00e0 tous les d\u00e9tails dans le but d&#8217;anticiper et de surmonter tous les obstacles au changement.<\/span><br><\/p>\n[\/vc_column_text][\/vc_column_inner][\/vc_row_inner][wgl_spacing spacer_size=&#8221;30px&#8221;][vc_row_inner][vc_column_inner width=&#8221;1\/2&#8243; offset=&#8221;vc_col-lg-4&#8243;][wgl_flip_box front_bg_style=&#8221;front_image&#8221; front_title=&#8221;Data Analytics&#8221; front_bg_image=&#8221;492&#8243; front_logo_image=&#8221;496&#8243; back_descr=&#8221;Our work draws on more than 15 years of experience, delivered by 5700 professionals&#8221;][wgl_spacing spacer_size=&#8221;35&#8243;][\/vc_column_inner][vc_column_inner width=&#8221;1\/2&#8243; offset=&#8221;vc_col-lg-4&#8243;][wgl_flip_box fb_dir=&#8221;flip_bottom&#8221; front_bg_style=&#8221;front_image&#8221; front_title=&#8221;Customer Strategy&#8221; front_bg_image=&#8221;493&#8243; front_logo_image=&#8221;495&#8243; back_descr=&#8221;Our work draws on more than 15 years of experience, delivered by 5700 professionals&#8221;][wgl_spacing spacer_size=&#8221;35&#8243;][\/vc_column_inner][vc_column_inner width=&#8221;1\/2&#8243; offset=&#8221;vc_col-lg-offset-0 vc_col-lg-4 vc_col-sm-offset-3&#8243;][wgl_flip_box fb_dir=&#8221;flip_left&#8221; front_bg_style=&#8221;front_image&#8221; front_title=&#8221;Targeting Strategy&#8221; front_bg_image=&#8221;1073&#8243; front_logo_image=&#8221;494&#8243; back_descr=&#8221;Our work draws on more than 15 years of experience, delivered by 5700 professionals&#8221;][wgl_spacing spacer_size=&#8221;35&#8243;][\/vc_column_inner][\/vc_row_inner][wgl_spacing spacer_size=&#8221;65&#8243;][\/vc_column][\/vc_row][vc_row full_width=&#8221;stretch_row&#8221; css=&#8221;.vc_custom_1541401959869{background-color: #f6f4f0 !important;}&#8221;][vc_column][wgl_spacing spacer_size=&#8221;62&#8243;][vc_row_inner][vc_column_inner width=&#8221;1\/2&#8243; offset=&#8221;vc_col-lg-3&#8243;][wgl_counter counter_layout=&#8221;left&#8221; icon_type=&#8221;none&#8221; count_title=&#8221;Years of Experience&#8221; add_counter_divider=&#8221;true&#8221; count_value=&#8221;15&#8243;][wgl_spacing spacer_size=&#8221;50&#8243;][\/vc_column_inner][vc_column_inner width=&#8221;1\/2&#8243; offset=&#8221;vc_col-lg-3&#8243;][wgl_counter counter_layout=&#8221;left&#8221; icon_type=&#8221;none&#8221; count_title=&#8221;trusted clients&#8221; add_counter_divider=&#8221;true&#8221; count_value=&#8221;254&#8243;][wgl_spacing spacer_size=&#8221;50&#8243;][\/vc_column_inner][vc_column_inner width=&#8221;1\/2&#8243; offset=&#8221;vc_col-lg-3&#8243;][wgl_counter counter_layout=&#8221;left&#8221; icon_type=&#8221;none&#8221; count_title=&#8221;visited conferences&#8221; add_counter_divider=&#8221;true&#8221; count_value=&#8221;36&#8243;][wgl_spacing spacer_size=&#8221;50&#8243;][\/vc_column_inner][vc_column_inner width=&#8221;1\/2&#8243; offset=&#8221;vc_col-lg-3&#8243;][wgl_counter counter_layout=&#8221;left&#8221; icon_type=&#8221;none&#8221; count_title=&#8221;master certification&#8221; add_counter_divider=&#8221;true&#8221; count_value=&#8221;17&#8243;][wgl_spacing spacer_size=&#8221;50&#8243;][\/vc_column_inner][\/vc_row_inner][wgl_spacing spacer_size=&#8221;36&#8243;][\/vc_column][\/vc_row][vc_row css=&#8221;.vc_custom_1541402906143{background-image: url(https:\/\/maza-lvi.com\/wp-content\/uploads\/2018\/11\/section_bg.jpg?id=507) !important;background-position: center !important;background-repeat: no-repeat !important;background-size: cover !important;}&#8221;][vc_column][wgl_spacing spacer_size=&#8221;57&#8243;][wgl_double_headings align=&#8221;center&#8221; title_color=&#8221;#151515&#8243; subtitle_color=&#8221;#c10e0e&#8221; title=&#8221;Meet Our Experienced Team&#8221; subtitle=&#8221;our consultants&#8221; responsive_font=&#8221;true&#8221; font_size_mobile=&#8221;31&#8243;][wgl_spacing spacer_size=&#8221;24&#8243;][vc_row_inner][vc_column_inner offset=&#8221;vc_col-lg-offset-2 vc_col-lg-8&#8243;][vc_column_text]\n<p style=\"text-align: center;\">Our uniquely collaborative and passionate people work alongside our clients every step of the way\u2014caring more, telling it like it is\u2014to anticipate and overcome all the barriers to change.<\/p>\n[\/vc_column_text][\/vc_column_inner][\/vc_row_inner][wgl_spacing spacer_size=&#8221;40px&#8221;]\r\n\t\t<div  class=\"wgl_module_team team-col_3 acenter\">\r\n\t\t\t<div class=\"team-items_wrap clearfix\"  style=\"margin-right:-15px; margin-left:-15px;\">\r\n\t\t\t\t<div class=\"team-item\" style=\"padding-right:15px; padding-left:15px;  padding-bottom:30px;\"><div class=\"team-item_content\"><div class=\"team-image\"><img decoding=\"async\" src=\"https:\/\/maza-lvi.com\/wp-content\/uploads\/2018\/10\/team-member_1-740x780.jpg\" alt=\"\" \/><\/div><div class=\"team-item_info\"><div class=\"team-item_titles\"><h4 class=\"team-title\"><a href=\"https:\/\/maza-lvi.com\/index.php\/team\/thomas-bodine\/\">Thomas Bodine<\/a><\/h4><div class=\"team-department\">Co-Founder of Company<\/div><\/div><div class=\"team-item_excerpt\">\nDiversity of Experiences\nPrior to joining BrainBizz, Thomas taught at The Hebrew University, the Jerusalem<\/div><div class=\"team-info_icons\"><a href=\"#\" class=\"team-icon fa fa-twitter\"><\/a><a href=\"#\" class=\"team-icon fa fa-facebook\"><\/a><a href=\"#\" class=\"team-icon fa fa-linkedin\"><\/a><a href=\"#\" class=\"team-icon fa fa-instagram\"><\/a><\/div><\/div><\/div><\/div><div class=\"team-item\" style=\"padding-right:15px; padding-left:15px;  padding-bottom:30px;\"><div class=\"team-item_content\"><div class=\"team-image\"><img decoding=\"async\" src=\"https:\/\/maza-lvi.com\/wp-content\/uploads\/2018\/10\/team-member_2-740x780.jpg\" alt=\"\" \/><\/div><div class=\"team-item_info\"><div class=\"team-item_titles\"><h4 class=\"team-title\"><a href=\"https:\/\/maza-lvi.com\/index.php\/team\/mark-renold\/\">Mark Renold<\/a><\/h4><div class=\"team-department\">Marketing Manager<\/div><\/div><div class=\"team-item_excerpt\">\nDiversity of Experiences\nPrior to joining BrainBizz, Thomas taught at The Hebrew University, the Jerusalem<\/div><div class=\"team-info_icons\"><a href=\"#\" class=\"team-icon fa fa-twitter\"><\/a><a href=\"#\" class=\"team-icon fa fa-facebook\"><\/a><a href=\"#\" class=\"team-icon fa fa-linkedin\"><\/a><a href=\"#\" class=\"team-icon fa fa-instagram\"><\/a><\/div><\/div><\/div><\/div><div class=\"team-item\" style=\"padding-right:15px; padding-left:15px;  padding-bottom:30px;\"><div class=\"team-item_content\"><div class=\"team-image\"><img decoding=\"async\" src=\"https:\/\/maza-lvi.com\/wp-content\/uploads\/2018\/10\/team-member_3-740x780.jpg\" alt=\"\" \/><\/div><div class=\"team-item_info\"><div class=\"team-item_titles\"><h4 class=\"team-title\"><a href=\"https:\/\/maza-lvi.com\/index.php\/team\/john-morisson\/\">John Morisson<\/a><\/h4><div class=\"team-department\">Finance Manager<\/div><\/div><div class=\"team-item_excerpt\">\nDiversity of Experiences\nPrior to joining BrainBizz, Thomas taught at The Hebrew University, the Jerusalem<\/div><div class=\"team-info_icons\"><a href=\"#\" class=\"team-icon fa fa-twitter\"><\/a><a href=\"#\" class=\"team-icon fa fa-facebook\"><\/a><a href=\"#\" class=\"team-icon fa fa-linkedin\"><\/a><a href=\"#\" class=\"team-icon fa fa-instagram\"><\/a><\/div><\/div><\/div><\/div><div class=\"team-item\" style=\"padding-right:15px; padding-left:15px;  padding-bottom:30px;\"><div class=\"team-item_content\"><div class=\"team-image\"><img decoding=\"async\" src=\"https:\/\/maza-lvi.com\/wp-content\/uploads\/2018\/10\/team-member_6-740x780.jpg\" alt=\"\" \/><\/div><div class=\"team-item_info\"><div class=\"team-item_titles\"><h4 class=\"team-title\"><a href=\"https:\/\/maza-lvi.com\/index.php\/team\/angela-kwang\/\">Sam Rodman<\/a><\/h4><div class=\"team-department\">Marketing Manager<\/div><\/div><div class=\"team-item_excerpt\">\nDiversity of Experiences\nPrior to joining BrainBizz, Thomas taught at The Hebrew University, the Jerusalem<\/div><div class=\"team-info_icons\"><a href=\"#\" class=\"team-icon fa fa-twitter\"><\/a><a href=\"#\" class=\"team-icon fa fa-facebook\"><\/a><a href=\"#\" class=\"team-icon fa fa-linkedin\"><\/a><a href=\"#\" class=\"team-icon fa fa-instagram\"><\/a><\/div><\/div><\/div><\/div><div class=\"team-item\" style=\"padding-right:15px; padding-left:15px;  padding-bottom:30px;\"><div class=\"team-item_content\"><div class=\"team-image\"><img decoding=\"async\" src=\"https:\/\/maza-lvi.com\/wp-content\/uploads\/2018\/10\/team-member_5-740x780.jpg\" alt=\"\" \/><\/div><div class=\"team-item_info\"><div class=\"team-item_titles\"><h4 class=\"team-title\"><a href=\"https:\/\/maza-lvi.com\/index.php\/team\/jameson-wood\/\">Jameson Wood<\/a><\/h4><div class=\"team-department\">Finance Manager<\/div><\/div><div class=\"team-item_excerpt\">\nDiversity of Experiences\nPrior to joining BrainBizz, Thomas taught at The Hebrew University, the Jerusalem<\/div><div class=\"team-info_icons\"><a href=\"#\" class=\"team-icon fa fa-twitter\"><\/a><a href=\"#\" class=\"team-icon fa fa-facebook\"><\/a><a href=\"#\" class=\"team-icon fa fa-linkedin\"><\/a><a href=\"#\" class=\"team-icon fa fa-instagram\"><\/a><\/div><\/div><\/div><\/div><div class=\"team-item\" style=\"padding-right:15px; padding-left:15px;  padding-bottom:30px;\"><div class=\"team-item_content\"><div class=\"team-image\"><img decoding=\"async\" src=\"https:\/\/maza-lvi.com\/wp-content\/uploads\/2018\/10\/team-member_6-740x780.jpg\" alt=\"\" \/><\/div><div class=\"team-item_info\"><div class=\"team-item_titles\"><h4 class=\"team-title\"><a href=\"https:\/\/maza-lvi.com\/index.php\/team\/tim-oliver\/\">Tim Oliver<\/a><\/h4><div class=\"team-department\">CEO of Company<\/div><\/div><div class=\"team-item_excerpt\">\nDiversity of Experiences\nPrior to joining BrainBizz, Thomas taught at The Hebrew University, the Jerusalem<\/div><div class=\"team-info_icons\"><a href=\"http:\/\/maza-lvi.com\/team\/harry-oliver\/\" class=\"team-icon fa fa-twitter\"><\/a><a href=\"http:\/\/maza-lvi.com\/team\/harry-oliver\/\" class=\"team-icon fa fa-facebook\"><\/a><a href=\"http:\/\/maza-lvi.com\/team\/harry-oliver\/\" class=\"team-icon fa fa-linkedin\"><\/a><a href=\"http:\/\/maza-lvi.com\/team\/harry-oliver\/\" class=\"team-icon fa fa-instagram\"><\/a><\/div><\/div><\/div><\/div>\t\t\t<\/div>\r\n\t\t<\/div>\r\n\r\n\t\t[wgl_spacing spacer_size=&#8221;58&#8243; screen_mobile=&#8221;600&#8243; responsive_mobile=&#8221;true&#8221; size_mobile=&#8221;25&#8243;][\/vc_column][\/vc_row][vc_row full_width=&#8221;stretch_row&#8221; parallax=&#8221;content-moving&#8221; parallax_image=&#8221;517&#8243;][vc_column][wgl_spacing spacer_size=&#8221;70&#8243; screen_mobile=&#8221;600&#8243; responsive_mobile=&#8221;true&#8221; size_mobile=&#8221;35&#8243;][vc_row_inner][vc_column_inner offset=&#8221;vc_col-lg-offset-1 vc_col-lg-10&#8243;][wgl_custom_text font_size=&#8221;14&#8243; line_height=&#8221;18&#8243; google_fonts_text=&#8221;font_family:Montserrat%3Aregular%2C700|font_style:400%20regular%3A400%3Anormal&#8221; custom_fonts=&#8221;true&#8221;]\n<p style=\"text-align: center;\"><span style=\"font-weight: 600; text-transform: uppercase; color: #dfdfdf;\" class=\"custom-weight\">stay connected with us<\/span><\/p>\n[\/wgl_custom_text][wgl_spacing spacer_size=&#8221;5&#8243;][wgl_custom_text font_size=&#8221;50&#8243; line_height=&#8221;80&#8243; line_height_mobile=&#8221;42&#8243; responsive_font_mobile=&#8221;true&#8221; font_size_mobile=&#8221;22&#8243;]\n<h3 style=\"text-align: center;\"><span style=\"color: #ffffff;\">We Work with You to Address Your Most Critical Business Priorities<\/span><\/h3>\n[\/wgl_custom_text][\/vc_column_inner][\/vc_row_inner][wgl_spacing spacer_size=&#8221;36&#8243;][wgl_video_popup link=&#8221;https:\/\/www.youtube.com\/watch?v=l-epKcOA7RQ&#8221;][wgl_spacing spacer_size=&#8221;300px&#8221;][\/vc_column][\/vc_row][vc_row][vc_column css=&#8221;.vc_custom_1541113285368{margin-top: -275px !important;}&#8221;][vc_column_text css_animation=&#8221;fadeInUp&#8221;]<img fetchpriority=\"high\" decoding=\"async\" class=\"alignnone size-full wp-image-512 aligncenter\" src=\"https:\/\/maza-lvi.com\/wp-content\/uploads\/2018\/11\/section_02.png\" alt=\"\" width=\"815\" height=\"462\" srcset=\"https:\/\/maza-lvi.com\/wp-content\/uploads\/2018\/11\/section_02.png 815w, https:\/\/maza-lvi.com\/wp-content\/uploads\/2018\/11\/section_02-300x170.png 300w, https:\/\/maza-lvi.com\/wp-content\/uploads\/2018\/11\/section_02-768x435.png 768w\" sizes=\"(max-width: 815px) 100vw, 815px\" \/>[\/vc_column_text][\/vc_column][\/vc_row][vc_row][vc_column][wgl_spacing spacer_size=&#8221;62&#8243;][\/vc_column][\/vc_row][vc_row][vc_column width=&#8221;1\/4&#8243; css=&#8221;.vc_custom_1541578010173{padding-right: 50px !important;padding-left: 50px !important;}&#8221; offset=&#8221;vc_col-xs-6&#8243;][vc_pie value=&#8221;75&#8243; color=&#8221;custom&#8221; title=&#8221;Success Startups&#8221; units=&#8221;%&#8221; custom_color=&#8221;#c10e0e&#8221;][wgl_spacing spacer_size=&#8221;30px&#8221;][\/vc_column][vc_column width=&#8221;1\/4&#8243; css=&#8221;.vc_custom_1541578015473{padding-right: 50px !important;padding-left: 50px !important;}&#8221; offset=&#8221;vc_col-xs-6&#8243;][vc_pie color=&#8221;custom&#8221; title=&#8221;Valuable Ideas&#8221; units=&#8221;%&#8221; custom_color=&#8221;#c10e0e&#8221;][wgl_spacing spacer_size=&#8221;30px&#8221;][\/vc_column][vc_column width=&#8221;1\/4&#8243; css=&#8221;.vc_custom_1541578070216{padding-right: 50px !important;padding-left: 50px !important;}&#8221; offset=&#8221;vc_col-xs-6&#8243;][vc_pie value=&#8221;87&#8243; color=&#8221;custom&#8221; title=&#8221;Happy Clients&#8221; units=&#8221;%&#8221; custom_color=&#8221;#c10e0e&#8221;][wgl_spacing spacer_size=&#8221;30px&#8221;][\/vc_column][vc_column width=&#8221;1\/4&#8243; css=&#8221;.vc_custom_1541578076882{padding-right: 50px !important;padding-left: 50px !important;}&#8221; offset=&#8221;vc_col-xs-6&#8243;][vc_pie value=&#8221;99&#8243; color=&#8221;custom&#8221; title=&#8221;Finance Profit&#8221; units=&#8221;%&#8221; custom_color=&#8221;#c10e0e&#8221;][wgl_spacing spacer_size=&#8221;30px&#8221;][\/vc_column][\/vc_row][vc_row][vc_column][wgl_spacing spacer_size=&#8221;18&#8243;][\/vc_column][\/vc_row]\t\t\t\t\t\t<\/div>\n\t\t\t\t<\/div>\n\t\t\t\t\t<\/div>\n\t\t\t\t<\/div>\n\t\t\t\t<\/div>\n\t\t<\/section>","protected":false},"excerpt":{"rendered":"<p>[vc_row css=&#8221;.vc_custom_1541149250238{margin-top: -10px !important;}&#8221;][vc_column][wgl_double_headings align=&#8221;center&#8221; title_color=&#8221;#151515&#8243; subtitle_color=&#8221;#c10e0e&#8221; title=&#8221;The Team of Innovators&#8221; subtitle=&#8221;our skills&#8221;][wgl_spacing spacer_size=&#8221;24&#8243;][vc_row_inner][vc_column_inner offset=&#8221;vc_col-lg-offset-2 vc_col-lg-8&#8243;][vc_column_text] Avec notre approche unique, collaborative et passionn\u00e9e, nous travaillons en \u00e9troite collaboration avec nos clients \u00e0 chaque \u00e9tape, accordant une attention particuli\u00e8re \u00e0 tous les d\u00e9tails dans le but d&#8217;anticiper et de surmonter tous les obstacles au changement. [\/vc_column_text][\/vc_column_inner][\/vc_row_inner][wgl_spacing [&hellip;]<\/p>\n","protected":false},"author":1,"featured_media":0,"parent":0,"menu_order":0,"comment_status":"closed","ping_status":"closed","template":"","meta":{"om_disable_all_campaigns":false,"_monsterinsights_skip_tracking":false,"_monsterinsights_sitenote_active":false,"_monsterinsights_sitenote_note":"","_monsterinsights_sitenote_category":0,"_uf_show_specific_survey":0,"_uf_disable_surveys":false,"footnotes":""},"aioseo_notices":[],"_links":{"self":[{"href":"https:\/\/maza-lvi.com\/index.php\/wp-json\/wp\/v2\/pages\/434"}],"collection":[{"href":"https:\/\/maza-lvi.com\/index.php\/wp-json\/wp\/v2\/pages"}],"about":[{"href":"https:\/\/maza-lvi.com\/index.php\/wp-json\/wp\/v2\/types\/page"}],"author":[{"embeddable":true,"href":"https:\/\/maza-lvi.com\/index.php\/wp-json\/wp\/v2\/users\/1"}],"replies":[{"embeddable":true,"href":"https:\/\/maza-lvi.com\/index.php\/wp-json\/wp\/v2\/comments?post=434"}],"version-history":[{"count":4,"href":"https:\/\/maza-lvi.com\/index.php\/wp-json\/wp\/v2\/pages\/434\/revisions"}],"predecessor-version":[{"id":2629,"href":"https:\/\/maza-lvi.com\/index.php\/wp-json\/wp\/v2\/pages\/434\/revisions\/2629"}],"wp:attachment":[{"href":"https:\/\/maza-lvi.com\/index.php\/wp-json\/wp\/v2\/media?parent=434"}],"curies":[{"name":"wp","href":"https:\/\/api.w.org\/{rel}","templated":true}]}}